{"id":6,"date":"2025-03-24T22:46:04","date_gmt":"2025-03-24T22:46:04","guid":{"rendered":"https:\/\/franciscopontes.com\/?page_id=6"},"modified":"2025-05-22T15:22:25","modified_gmt":"2025-05-22T15:22:25","slug":"home","status":"publish","type":"page","link":"https:\/\/galamacaronesia.com\/","title":{"rendered":"Macaron\u00e9sia Championship VI"},"content":{"rendered":"\n<div class=\"wp-block-cover alignfull\" style=\"margin-top:0;margin-bottom:0;padding-top:0;padding-right:0;padding-bottom:0;padding-left:0;min-height:100vh;aspect-ratio:unset;\"><img loading=\"lazy\" decoding=\"async\" width=\"2048\" height=\"1365\" class=\"wp-block-cover__image-background wp-image-186 size-full\" alt=\"\" src=\"https:\/\/galamacaronesia.com\/wp-content\/uploads\/2025\/04\/bird-view.jpg\" data-object-fit=\"cover\" srcset=\"https:\/\/galamacaronesia.com\/wp-content\/uploads\/2025\/04\/bird-view.jpg 2048w, https:\/\/galamacaronesia.com\/wp-content\/uploads\/2025\/04\/bird-view-300x200.jpg 300w, https:\/\/galamacaronesia.com\/wp-content\/uploads\/2025\/04\/bird-view-1024x683.jpg 1024w, https:\/\/galamacaronesia.com\/wp-content\/uploads\/2025\/04\/bird-view-768x512.jpg 768w, https:\/\/galamacaronesia.com\/wp-content\/uploads\/2025\/04\/bird-view-1536x1024.jpg 1536w\" sizes=\"auto, (max-width: 2048px) 100vw, 2048px\" \/><span aria-hidden=\"true\" class=\"wp-block-cover__background has-base-background-color has-background-dim-30 has-background-dim\"><\/span><div class=\"wp-block-cover__inner-container has-global-padding is-layout-constrained wp-container-core-cover-is-layout-5c53b157 wp-block-cover-is-layout-constrained\">\n<div class=\"wp-block-group blur-background has-background is-vertical is-content-justification-center is-layout-flex wp-container-core-group-is-layout-759113ce wp-block-group-is-layout-flex\" style=\"background-color:#1c1c1ca1;margin-top:0;margin-bottom:0;padding-top:var(--wp--preset--spacing--70);padding-right:var(--wp--preset--spacing--70);padding-bottom:var(--wp--preset--spacing--70);padding-left:var(--wp--preset--spacing--70)\">\n<div class=\"wp-block-group is-layout-flow wp-block-group-is-layout-flow\"><h2 style=\"font-size: 32px;letter-spacing: 0px;text-transform: capitalize;, serif;font-weight: 700;line-height: 38px\" class=\"ub_advanced_heading wp-block-ub-advanced-heading\" id=\"ub-advanced-heading-8279b93b-eed9-442e-b306-a985c1c47e5c\" data-blockid=\"8279b93b-eed9-442e-b306-a985c1c47e5c\">Macaron\u00e9sia Championship<\/h2>\n\n\n<p class=\"has-accent-4-color has-text-color has-link-color has-large-font-size wp-elements-0f4b4708b2cfe804761b01fc93a421c6\" style=\"font-style:normal;font-weight:500\">A gala que une as 4 regi\u00f5es da macaron\u00e9sia em duas noites de Muay thai e Kickboxing profissional e amador.<\/p>\n<\/div>\n\n\n\n<div class=\"wp-block-group has-global-padding is-layout-constrained wp-block-group-is-layout-constrained\"><div class=\"wp-block-ub-countdown ub-countdown  is-style-ub-countdown-odometer\" id=\"ub_countdown_de744025-c03d-47df-abde-415a1b3299a6\">Timer expired<\/div>\n\n\n<div class=\"wp-block-buttons is-layout-flex wp-block-buttons-is-layout-flex\">\n<div class=\"wp-block-button has-custom-width wp-block-button__width-100 is-style-outline is-style-outline--1\"><a class=\"wp-block-button__link has-large-font-size has-custom-font-size wp-element-button\" href=\"#info\" style=\"border-width:2px;border-radius:0px\">Info<\/a><\/div>\n<\/div>\n<\/div>\n<\/div>\n<\/div><\/div>\n\n\n\n<div class=\"wp-block-group has-global-padding is-layout-constrained wp-block-group-is-layout-constrained\" style=\"margin-top:var(--wp--preset--spacing--40);margin-bottom:var(--wp--preset--spacing--40)\">\n<div class=\"wp-block-columns alignwide are-vertically-aligned-center is-layout-flex wp-container-core-columns-is-layout-28f84493 wp-block-columns-is-layout-flex\">\n<div class=\"wp-block-column is-vertically-aligned-center is-layout-flow wp-block-column-is-layout-flow\" style=\"padding-top:0;padding-right:0;padding-bottom:0;padding-left:0\">\n<div class=\"wp-block-group is-style-default has-contrast-background-color has-background has-global-padding is-layout-constrained wp-container-core-group-is-layout-d5d53815 wp-block-group-is-layout-constrained\" style=\"border-radius:16px;margin-top:0;margin-bottom:0;padding-top:var(--wp--preset--spacing--30);padding-right:var(--wp--preset--spacing--30);padding-bottom:var(--wp--preset--spacing--30);padding-left:var(--wp--preset--spacing--30)\"><h2 style=\"color: #1B1B1B;font-size: 32px;letter-spacing: 0px;text-transform: None;, serif;font-weight: Normal;line-height: 38px\" class=\"ub_advanced_heading wp-block-ub-advanced-heading\" id=\"ub-advanced-heading-38b92202-3e97-4be9-8303-eaddb22bcf6d\" data-blockid=\"38b92202-3e97-4be9-8303-eaddb22bcf6d\">Macaron\u00e9sia Championship VI<\/h2>\n\n\n<p class=\"has-text-color has-link-color has-roboto-font-family wp-elements-88424dc4f07b41ac60389cbf7b3c9949\" style=\"color:#626262;font-style:normal;font-weight:500\">A gala internacional da macaron\u00e9sia \u00e9 um evento anual que junta lutadores profissionais e amadores da regi\u00e3o da macaron\u00e9sia (A\u00e7ores, Madeira, Cabo Verde, Can\u00e1rias) para proporcionar dois dias de combate emocionante.<br>A sexta edi\u00e7\u00e3o da gala acontecer\u00e1 no Funchal, dia 30 e 31 de maio de 2025.<\/p>\n<\/div>\n<\/div>\n\n\n\n<div class=\"wp-block-column is-vertically-aligned-center is-style-default is-layout-flow wp-block-column-is-layout-flow\" style=\"padding-top:0;padding-right:0;padding-bottom:0;padding-left:0;flex-basis:50%\">\n<div class=\"wp-block-group has-global-padding is-layout-constrained wp-container-core-group-is-layout-639b5052 wp-block-group-is-layout-constrained\" style=\"padding-top:0;padding-right:0;padding-bottom:0;padding-left:0\">\n<figure class=\"wp-block-image size-large is-style-default wp-container-content-9cfa9a5a\" style=\"margin-top:0;margin-right:0;margin-bottom:0;margin-left:0\"><img loading=\"lazy\" decoding=\"async\" width=\"1024\" height=\"683\" src=\"https:\/\/galamacaronesia.com\/wp-content\/uploads\/2025\/04\/info-card-1024x683.jpg\" alt=\"\" class=\"wp-image-231\" style=\"object-fit:cover\" srcset=\"https:\/\/galamacaronesia.com\/wp-content\/uploads\/2025\/04\/info-card-1024x683.jpg 1024w, https:\/\/galamacaronesia.com\/wp-content\/uploads\/2025\/04\/info-card-300x200.jpg 300w, https:\/\/galamacaronesia.com\/wp-content\/uploads\/2025\/04\/info-card-768x512.jpg 768w, https:\/\/galamacaronesia.com\/wp-content\/uploads\/2025\/04\/info-card-1536x1024.jpg 1536w, https:\/\/galamacaronesia.com\/wp-content\/uploads\/2025\/04\/info-card.jpg 2048w\" sizes=\"auto, (max-width: 1024px) 100vw, 1024px\" \/><\/figure>\n<\/div>\n<\/div>\n<\/div>\n<\/div>\n\n\n\n<div class=\"wp-block-group has-global-padding is-layout-constrained wp-container-core-group-is-layout-e1290588 wp-block-group-is-layout-constrained\" style=\"padding-top:var(--wp--preset--spacing--40);padding-right:var(--wp--preset--spacing--40);padding-bottom:var(--wp--preset--spacing--40);padding-left:var(--wp--preset--spacing--40)\">\n<div class=\"wp-block-group alignwide is-vertical is-content-justification-center is-layout-flex wp-container-core-group-is-layout-b6c1f246 wp-block-group-is-layout-flex\"><h2 style=\"text-align: center;font-size: 36px;letter-spacing: 0px;text-transform: None;font-family: Roboto;font-weight: 700;line-height: 36px\" class=\"ub_advanced_heading wp-block-ub-advanced-heading\" id=\"ub-advanced-heading-5e75a0e2-37d0-4da0-af97-74b71573a54e\" data-blockid=\"5e75a0e2-37d0-4da0-af97-74b71573a54e\">Momentos do ano passado<\/h2>\n\n\n<hr class=\"wp-block-separator has-text-color has-contrast-color has-alpha-channel-opacity has-contrast-background-color has-background\" style=\"margin-top:0;margin-bottom:0\"\/>\n\n\n\n<figure class=\"wp-block-video alignwide wp-container-content-9cfa9a5a\"><video height=\"544\" style=\"aspect-ratio: 1280 \/ 544;\" width=\"1280\" controls src=\"https:\/\/galamacaronesia.com\/wp-content\/uploads\/2025\/04\/banner-video.mp4\"><\/video><\/figure>\n<\/div>\n<\/div>\n\n\n\n<div class=\"wp-block-group has-global-padding is-layout-constrained wp-block-group-is-layout-constrained\" style=\"margin-top:var(--wp--preset--spacing--40);margin-bottom:var(--wp--preset--spacing--40)\">\n<div class=\"wp-block-columns alignwide are-vertically-aligned-center is-layout-flex wp-container-core-columns-is-layout-28f84493 wp-block-columns-is-layout-flex\">\n<div class=\"wp-block-column is-vertically-aligned-center is-layout-flow wp-block-column-is-layout-flow\" style=\"padding-top:0;padding-right:0;padding-bottom:0;padding-left:0\">\n<div id=\"info\" class=\"wp-block-group is-style-default has-contrast-background-color has-background is-layout-flow wp-block-group-is-layout-flow\" style=\"border-radius:16px;margin-top:0;margin-bottom:0;padding-top:var(--wp--preset--spacing--30);padding-right:var(--wp--preset--spacing--30);padding-bottom:var(--wp--preset--spacing--30);padding-left:var(--wp--preset--spacing--30)\"><h3 style=\"color: #1B1B1B;font-size: 22px;letter-spacing: 0px;text-transform: None;font-family: Platypi;font-weight: Normal;line-height: 26px\" class=\"ub_advanced_heading wp-block-ub-advanced-heading\" id=\"ub-advanced-heading-bbf4bfa0-50f1-4629-aeca-a332386bf9be\" data-blockid=\"bbf4bfa0-50f1-4629-aeca-a332386bf9be\">Bilhete no dia<\/h3>\n\n\n<div class=\"wp-block-columns is-not-stacked-on-mobile is-layout-flex wp-container-core-columns-is-layout-28f84493 wp-block-columns-is-layout-flex\">\n<div class=\"wp-block-column is-layout-flow wp-block-column-is-layout-flow\" style=\"flex-basis:66.66%\">\n<ul class=\"wp-block-list\">\n<li class=\"has-text-color has-link-color wp-elements-cfc64c5fd95273fe4dac84a33e265539\" style=\"color:#626262\">Pode ser comprado no dia em ambos os dias<\/li>\n<\/ul>\n<\/div>\n\n\n\n<div class=\"wp-block-column is-vertically-aligned-center is-layout-flow wp-block-column-is-layout-flow\" style=\"flex-basis:33.33%\">\n<div class=\"wp-block-group has-global-padding is-content-justification-right is-layout-constrained wp-container-core-group-is-layout-89052e3a wp-block-group-is-layout-constrained\" style=\"padding-right:var(--wp--preset--spacing--30);padding-left:var(--wp--preset--spacing--30)\"><h2 style=\"text-align: right;color: #1B1B1B;font-size: 32px;letter-spacing: 0px;text-transform: None;, serif;font-weight: Normal;line-height: 38px\" class=\"ub_advanced_heading wp-block-ub-advanced-heading\" id=\"ub-advanced-heading-a07cf73d-6f11-41a4-aac1-71dfc3945867\" data-blockid=\"a07cf73d-6f11-41a4-aac1-71dfc3945867\">15\u20ac<\/h2><\/div>\n<\/div>\n<\/div>\n\n\n\n<hr class=\"wp-block-separator has-text-color has-base-color has-alpha-channel-opacity has-base-background-color has-background\"\/>\n\n\n<h3 style=\"color: #1B1B1B;font-size: 22px;letter-spacing: 0px;text-transform: None;font-family: Platypi;font-weight: Normal;line-height: 26px\" class=\"ub_advanced_heading wp-block-ub-advanced-heading\" id=\"ub-advanced-heading-b8a3dfbe-78c6-45b1-8208-21fa7d11046a\" data-blockid=\"b8a3dfbe-78c6-45b1-8208-21fa7d11046a\">Bilhete 2 dias<\/h3>\n\n\n<div class=\"wp-block-columns is-not-stacked-on-mobile is-layout-flex wp-container-core-columns-is-layout-28f84493 wp-block-columns-is-layout-flex\">\n<div class=\"wp-block-column is-layout-flow wp-block-column-is-layout-flow\" style=\"flex-basis:66.66%\">\n<ul class=\"wp-block-list\">\n<li class=\"has-text-color has-link-color wp-elements-9c76a39bcb3300b2dd5089343da63223\" style=\"color:#626262\">Ter\u00e1 de ser <strong>comprado previamente<\/strong>.<\/li>\n<\/ul>\n<\/div>\n\n\n\n<div class=\"wp-block-column is-vertically-aligned-center is-layout-flow wp-block-column-is-layout-flow\" style=\"flex-basis:33.33%\">\n<div class=\"wp-block-group has-global-padding is-content-justification-right is-layout-constrained wp-container-core-group-is-layout-2c449517 wp-block-group-is-layout-constrained\" style=\"padding-top:0;padding-right:var(--wp--preset--spacing--30);padding-bottom:0;padding-left:var(--wp--preset--spacing--30)\"><h2 style=\"text-align: right;color: #1B1B1B;font-size: 32px;letter-spacing: 0px;text-transform: None;, serif;font-weight: Normal;line-height: 38px\" class=\"ub_advanced_heading wp-block-ub-advanced-heading\" id=\"ub-advanced-heading-6896aa5d-f85a-45bd-b59e-83e2ccf8068d\" data-blockid=\"6896aa5d-f85a-45bd-b59e-83e2ccf8068d\">15\u20ac<\/h2><\/div>\n<\/div>\n<\/div>\n\n\n\n<div class=\"wp-block-group has-global-padding is-content-justification-right is-layout-constrained wp-container-core-group-is-layout-f1f2ed93 wp-block-group-is-layout-constrained\">\n<div class=\"wp-block-buttons is-layout-flex wp-block-buttons-is-layout-flex\">\n<div class=\"wp-block-button has-custom-width wp-block-button__width-100 is-style-outline is-style-outline--2\"><a class=\"wp-block-button__link has-accent-5-color has-text-color has-link-color has-border-color has-base-border-color has-medium-font-size has-custom-font-size wp-element-button\" href=\"https:\/\/galamacaronesia.com\/index.php\/sobre\/\" style=\"border-width:2px;border-radius:0px\"><strong>Mais informa\u00e7\u00e3o<\/strong><\/a><\/div>\n<\/div>\n<\/div>\n<\/div>\n<\/div>\n\n\n\n<div class=\"wp-block-column is-vertically-aligned-center is-layout-flow wp-block-column-is-layout-flow\" style=\"padding-top:0;padding-right:0;padding-bottom:0;padding-left:0\">\n<div class=\"wp-block-group is-style-default has-contrast-background-color has-background is-layout-flow wp-container-core-group-is-layout-2914db2b wp-block-group-is-layout-flow\" style=\"border-radius:16px;margin-top:0;margin-bottom:0;padding-top:var(--wp--preset--spacing--40);padding-right:var(--wp--preset--spacing--40);padding-bottom:var(--wp--preset--spacing--40);padding-left:var(--wp--preset--spacing--40)\">\n<div class=\"wp-block-columns is-layout-flex wp-container-core-columns-is-layout-28f84493 wp-block-columns-is-layout-flex\">\n<div class=\"wp-block-column is-layout-flow wp-container-core-column-is-layout-8a368f38 wp-block-column-is-layout-flow\">\n<div class=\"wp-block-group is-vertical is-content-justification-center is-layout-flex wp-container-core-group-is-layout-b6c1f246 wp-block-group-is-layout-flex\">\n<figure class=\"wp-block-image size-thumbnail is-resized wp-container-content-dc435e0d\"><img loading=\"lazy\" decoding=\"async\" width=\"150\" height=\"150\" src=\"https:\/\/franciscopontes.com\/wp-content\/uploads\/2025\/04\/image-150x150.png\" alt=\"\" class=\"wp-image-430\" style=\"width:70px\" srcset=\"https:\/\/galamacaronesia.com\/wp-content\/uploads\/2025\/04\/image-150x150.png 150w, https:\/\/galamacaronesia.com\/wp-content\/uploads\/2025\/04\/image-300x300.png 300w, https:\/\/galamacaronesia.com\/wp-content\/uploads\/2025\/04\/image.png 512w, https:\/\/galamacaronesia.com\/wp-content\/uploads\/2025\/04\/image-400x400.png 400w\" sizes=\"auto, (max-width: 150px) 100vw, 150px\" \/><\/figure>\n\n\n\n<p class=\"has-text-align-center\">O evento come\u00e7ar\u00e1 \u00e0s 19H em ambos os dias.<\/p>\n<\/div>\n<\/div>\n\n\n\n<div class=\"wp-block-column is-layout-flow wp-container-core-column-is-layout-8a368f38 wp-block-column-is-layout-flow\">\n<div class=\"wp-block-group is-vertical is-content-justification-center is-layout-flex wp-container-core-group-is-layout-b6c1f246 wp-block-group-is-layout-flex\">\n<figure class=\"wp-block-image size-large is-resized\"><img loading=\"lazy\" decoding=\"async\" width=\"400\" height=\"400\" src=\"https:\/\/franciscopontes.com\/wp-content\/uploads\/2025\/04\/image-1-400x400.png\" alt=\"\" class=\"wp-image-431\" style=\"width:70px\" srcset=\"https:\/\/galamacaronesia.com\/wp-content\/uploads\/2025\/04\/image-1-400x400.png 400w, https:\/\/galamacaronesia.com\/wp-content\/uploads\/2025\/04\/image-1-150x150.png 150w, https:\/\/galamacaronesia.com\/wp-content\/uploads\/2025\/04\/image-1-300x300.png 300w, https:\/\/galamacaronesia.com\/wp-content\/uploads\/2025\/04\/image-1.png 512w\" sizes=\"auto, (max-width: 400px) 100vw, 400px\" \/><\/figure>\n\n\n\n<p class=\"has-text-align-center\">Poder\u00e1 arrendar uma mesa com vista pr\u00f3xima do ringue <strong>(jantar inclu\u00eddo)<\/strong><\/p>\n<\/div>\n<\/div>\n\n\n\n<div class=\"wp-block-column is-layout-flow wp-container-core-column-is-layout-8a368f38 wp-block-column-is-layout-flow\">\n<div class=\"wp-block-group is-vertical is-content-justification-center is-layout-flex wp-container-core-group-is-layout-b6c1f246 wp-block-group-is-layout-flex\">\n<figure class=\"wp-block-image size-large is-resized\"><img loading=\"lazy\" decoding=\"async\" width=\"400\" height=\"400\" src=\"https:\/\/franciscopontes.com\/wp-content\/uploads\/2025\/04\/image-2-400x400.png\" alt=\"\" class=\"wp-image-432\" style=\"width:70px\" srcset=\"https:\/\/galamacaronesia.com\/wp-content\/uploads\/2025\/04\/image-2-400x400.png 400w, https:\/\/galamacaronesia.com\/wp-content\/uploads\/2025\/04\/image-2-150x150.png 150w, https:\/\/galamacaronesia.com\/wp-content\/uploads\/2025\/04\/image-2-300x300.png 300w, https:\/\/galamacaronesia.com\/wp-content\/uploads\/2025\/04\/image-2.png 512w\" sizes=\"auto, (max-width: 400px) 100vw, 400px\" \/><\/figure>\n\n\n\n<p class=\"has-text-align-center\">Haver\u00e1 acesso a bar (bebidas alco\u00f3licas e n\u00e3o alco\u00f3licas)<\/p>\n<\/div>\n<\/div>\n<\/div>\n<\/div>\n<\/div>\n<\/div>\n<\/div>\n\n\n\n<div class=\"wp-block-group is-style-default has-global-padding is-layout-constrained wp-block-group-is-layout-constrained\" style=\"border-radius:16px;margin-top:var(--wp--preset--spacing--40);margin-bottom:var(--wp--preset--spacing--40)\">\n<div class=\"wp-block-columns alignwide is-layout-flex wp-container-core-columns-is-layout-28f84493 wp-block-columns-is-layout-flex\">\n<div class=\"wp-block-column is-vertically-aligned-stretch has-contrast-background-color has-background is-layout-flow wp-block-column-is-layout-flow\" style=\"border-radius:16px;padding-top:var(--wp--preset--spacing--40);padding-right:var(--wp--preset--spacing--40);padding-bottom:var(--wp--preset--spacing--40);padding-left:var(--wp--preset--spacing--40);flex-basis:66.66%\"><h3 style=\"color: #1B1B1B;font-size: 22px;letter-spacing: 0px;text-transform: None;, serif;font-weight: Normal;line-height: 26px\" class=\"ub_advanced_heading wp-block-ub-advanced-heading\" id=\"ub-advanced-heading-3ca3d626-3d01-4bca-a0b5-211c4a8c9520\" data-blockid=\"3ca3d626-3d01-4bca-a0b5-211c4a8c9520\">Patrocinadores<\/h3>\n\n\t\n\t\t<div id=\"gs_logo_area_1\" class=\"gs_logo_area gs_logo_area_1 slider1\" style=\"opacity: 0; visibility: hidden;\">\n\t\t\t<div class=\"gs_logo_area--inner\">\n\t\n\t\t\t\t\n<div class=\"gs_logo_container gs_carousel_swiper gs_logo_fix_height_and_center\" data-carousel-config='{\"direction\":\"horizontal\",\"speed\":500,\"isAutoplay\":true,\"autoplayDelay\":2000,\"loop\":true,\"pauseOnHover\":true,\"ticker\":false,\"navs\":false,\"navs_pos\":\"bottom\",\"dots\":false,\"dynamic_dots\":true,\"slideSpace\":10,\"slidesPerGroup\":1,\"desktopLogos\":4,\"tabletLogos\":3,\"mobileLogos\":2,\"reverseDirection\":false}'>\n\n\t\n\t\t\n\t\t\t<div class=\"gs_logo_single--wrapper\">\n\t\t\t\t<div class=\"gs_logo_single\">\n\n\t\t\t\t\t<!-- Logo Img -->\n\t\t\t\t\t<img loading=\"lazy\" decoding=\"async\" width=\"212\" height=\"212\" src=\"https:\/\/galamacaronesia.com\/wp-content\/uploads\/2025\/04\/secretaria-1.png\" class=\"default  gs-logo--img wp-post-image\" alt=\"\" title=\"secretaria regional\" srcset=\"https:\/\/galamacaronesia.com\/wp-content\/uploads\/2025\/04\/secretaria-1.png 212w, https:\/\/galamacaronesia.com\/wp-content\/uploads\/2025\/04\/secretaria-1-150x150.png 150w\" sizes=\"auto, (max-width: 212px) 100vw, 212px\" \/>\n\t\t\t\t\t<!-- Logo Title -->\n\t\t\t\t\t\t\t\t\t\t\n\t\t\t\t\t<!-- Logo Category -->\n\t\t\t\t\t\t\t\t\t\t\n\t\t\t\t<\/div>\n\t\t\t<\/div>\n\n\t\t\n\t\t\t<div class=\"gs_logo_single--wrapper\">\n\t\t\t\t<div class=\"gs_logo_single\">\n\n\t\t\t\t\t<!-- Logo Img -->\n\t\t\t\t\t<img loading=\"lazy\" decoding=\"async\" width=\"229\" height=\"106\" src=\"https:\/\/galamacaronesia.com\/wp-content\/uploads\/2025\/04\/fpkm.png\" class=\"default  gs-logo--img wp-post-image\" alt=\"\" title=\"fkmd\" \/>\n\t\t\t\t\t<!-- Logo Title -->\n\t\t\t\t\t\t\t\t\t\t\n\t\t\t\t\t<!-- Logo Category -->\n\t\t\t\t\t\t\t\t\t\t\n\t\t\t\t<\/div>\n\t\t\t<\/div>\n\n\t\t\n\t\t\t<div class=\"gs_logo_single--wrapper\">\n\t\t\t\t<div class=\"gs_logo_single\">\n\n\t\t\t\t\t<!-- Logo Img -->\n\t\t\t\t\t<img loading=\"lazy\" decoding=\"async\" width=\"213\" height=\"85\" src=\"https:\/\/galamacaronesia.com\/wp-content\/uploads\/2025\/04\/funchal-pt.png\" class=\"default  gs-logo--img wp-post-image\" alt=\"\" title=\"Funchal.pt\" \/>\n\t\t\t\t\t<!-- Logo Title -->\n\t\t\t\t\t\t\t\t\t\t\n\t\t\t\t\t<!-- Logo Category -->\n\t\t\t\t\t\t\t\t\t\t\n\t\t\t\t<\/div>\n\t\t\t<\/div>\n\n\t\t\n\t\t\t<div class=\"gs_logo_single--wrapper\">\n\t\t\t\t<div class=\"gs_logo_single\">\n\n\t\t\t\t\t<!-- Logo Img -->\n\t\t\t\t\t<img loading=\"lazy\" decoding=\"async\" width=\"300\" height=\"192\" src=\"https:\/\/galamacaronesia.com\/wp-content\/uploads\/2025\/04\/governo-300x192.png\" class=\"default  gs-logo--img wp-post-image\" alt=\"\" title=\"governo regional\" srcset=\"https:\/\/galamacaronesia.com\/wp-content\/uploads\/2025\/04\/governo-300x192.png 300w, https:\/\/galamacaronesia.com\/wp-content\/uploads\/2025\/04\/governo.png 346w\" sizes=\"auto, (max-width: 300px) 100vw, 300px\" \/>\n\t\t\t\t\t<!-- Logo Title -->\n\t\t\t\t\t\t\t\t\t\t\n\t\t\t\t\t<!-- Logo Category -->\n\t\t\t\t\t\t\t\t\t\t\n\t\t\t\t<\/div>\n\t\t\t<\/div>\n\n\t\t\t\t\n\t\n<\/div>\t\t\t<\/div>\n\t\t<\/div>\n\t\n\t\t<style>#gs_logo_area_1:not(.verticaltickerdown):not(.verticalticker) .gs_logo_container{margin-left:-5px}#gs_logo_area_1:not(.verticaltickerdown):not(.verticalticker) .gs_logo_container{margin-right:-5px}#gs_logo_area_1:not(.verticaltickerdown):not(.verticalticker) .gs_logo_single--wrapper{padding:5px}#gs_logo_area_1 ul.gs-logo-filter-cats{text-align:center!important}#gs_logo_area_1 .gs_logo_single--wrapper{width:25%}@media (max-width:1023px){#gs_logo_area_1 .gs_logo_single--wrapper{width:33.333333333333%}}@media (max-width:767px){#gs_logo_area_1 .gs_logo_single--wrapper{width:50%}}<\/style><\/div>\n\n\n\n<div class=\"wp-block-column is-vertically-aligned-center has-contrast-background-color has-background is-layout-flow wp-block-column-is-layout-flow\" style=\"border-radius:16px;padding-top:var(--wp--preset--spacing--40);padding-right:var(--wp--preset--spacing--40);padding-bottom:var(--wp--preset--spacing--40);padding-left:var(--wp--preset--spacing--40);flex-basis:20%\"><h3 style=\"color: #1B1B1B;font-size: 22px;letter-spacing: 0px;text-transform: None;, serif;font-weight: Normal;line-height: 26px\" class=\"ub_advanced_heading wp-block-ub-advanced-heading\" id=\"ub-advanced-heading-bd5dbfe1-55dd-4fdf-89f3-9ea65df272b0\" data-blockid=\"bd5dbfe1-55dd-4fdf-89f3-9ea65df272b0\">Organiza\u00e7\u00e3o:<\/h3>\n\n\n<div class=\"wp-block-group is-vertical is-content-justification-center is-layout-flex wp-container-core-group-is-layout-b6c1f246 wp-block-group-is-layout-flex\">\n<div class=\"wp-block-group has-global-padding is-content-justification-left is-layout-constrained wp-container-core-group-is-layout-12dd3699 wp-block-group-is-layout-constrained\">\n<figure class=\"wp-block-image alignwide size-full wp-container-content-9cfa9a5a\" style=\"margin-top:0;margin-bottom:0\"><img loading=\"lazy\" decoding=\"async\" width=\"387\" height=\"400\" src=\"https:\/\/franciscopontes.com\/wp-content\/uploads\/2025\/05\/adcmad.png\" alt=\"\" class=\"wp-image-569\" srcset=\"https:\/\/galamacaronesia.com\/wp-content\/uploads\/2025\/05\/adcmad.png 387w, https:\/\/galamacaronesia.com\/wp-content\/uploads\/2025\/05\/adcmad-290x300.png 290w\" sizes=\"auto, (max-width: 387px) 100vw, 387px\" \/><\/figure>\n<\/div>\n<\/div>\n<\/div>\n<\/div>\n<\/div>\n","protected":false},"excerpt":{"rendered":"<p>A gala internacional da macaron\u00e9sia \u00e9 um evento anual que junta lutadores profissionais e amadores da regi\u00e3o da macaron\u00e9sia (A\u00e7ores, Madeira, Cabo Verde, Can\u00e1rias) para proporcionar dois dias de combate emocionante.A sexta edi\u00e7\u00e3o da gala acontecer\u00e1 no Funchal, dia 30 e 31 de maio de 2025. O evento come\u00e7ar\u00e1 \u00e0s 19H em ambos os dias. [&hellip;]<\/p>\n","protected":false},"author":2,"featured_media":130,"parent":0,"menu_order":0,"comment_status":"closed","ping_status":"closed","template":"","meta":{"ub_ctt_via":"","footnotes":""},"class_list":["post-6","page","type-page","status-publish","has-post-thumbnail","hentry"],"featured_image_src":"https:\/\/galamacaronesia.com\/wp-content\/uploads\/2025\/04\/featured-image-scaled.webp","_links":{"self":[{"href":"https:\/\/galamacaronesia.com\/index.php\/wp-json\/wp\/v2\/pages\/6","targetHints":{"allow":["GET"]}}],"collection":[{"href":"https:\/\/galamacaronesia.com\/index.php\/wp-json\/wp\/v2\/pages"}],"about":[{"href":"https:\/\/galamacaronesia.com\/index.php\/wp-json\/wp\/v2\/types\/page"}],"author":[{"embeddable":true,"href":"https:\/\/galamacaronesia.com\/index.php\/wp-json\/wp\/v2\/users\/2"}],"replies":[{"embeddable":true,"href":"https:\/\/galamacaronesia.com\/index.php\/wp-json\/wp\/v2\/comments?post=6"}],"version-history":[{"count":316,"href":"https:\/\/galamacaronesia.com\/index.php\/wp-json\/wp\/v2\/pages\/6\/revisions"}],"predecessor-version":[{"id":616,"href":"https:\/\/galamacaronesia.com\/index.php\/wp-json\/wp\/v2\/pages\/6\/revisions\/616"}],"wp:featuredmedia":[{"embeddable":true,"href":"https:\/\/galamacaronesia.com\/index.php\/wp-json\/wp\/v2\/media\/130"}],"wp:attachment":[{"href":"https:\/\/galamacaronesia.com\/index.php\/wp-json\/wp\/v2\/media?parent=6"}],"curies":[{"name":"wp","href":"https:\/\/api.w.org\/{rel}","templated":true}]}}